{"id":4757,"date":"2023-01-21T00:28:02","date_gmt":"2023-01-20T21:28:02","guid":{"rendered":"https:\/\/humaliva.com.tr\/our-account-information\/"},"modified":"2023-02-06T02:49:49","modified_gmt":"2023-02-05T23:49:49","slug":"our-account-information","status":"publish","type":"page","link":"https:\/\/humaliva.com.tr\/tr\/our-account-information\/","title":{"rendered":"Our Account Information"},"content":{"rendered":"\n<div class=\"row\"  id=\"row-771290610\">\n\n\n\t<div id=\"col-1257521098\" class=\"col small-12 large-12\"  >\n\t\t\t\t<div class=\"col-inner\"  >\n\t\t\t\n\t\t\t\n\n<div class=\"container section-title-container\" ><h3 class=\"section-title section-title-center\"><b><\/b><span class=\"section-title-main\" style=\"font-size:140%;\">Our Account Information<\/span><b><\/b><\/h3><\/div>\n\n<p>Natural Ya\u015fam Personal Care and Cleaning Products San. Trade Ltd. Sti. Account info<br>\nFINANCE PARTICIPATION BANK OF TURKEY<br>\n\u0418\u043c\u044f \u0443\u0447\u0435\u0442\u043d\u043e\u0439 \u0437\u0430\u043f\u0438\u0441\u0438: Natural Ya\u015fam Ki\u015fisel Bak\u0131m ve Temizlik \u00dcr\u00fcnleri San.Tic.Ltd. Sti.<br>\n\u0424\u0438\u043b\u0438\u0430\u043b: \u041c\u0430\u043b\u0442\u0435\u043f\u0435<br>\n\u041d\u043e\u043c\u0435\u0440 \u043e\u0442\u0434\u0435\u043b\u0430:: 19<br>\n\u041d\u043e\u043c\u0435\u0440 \u0441\u0447\u0435\u0442\u0430: 3141559-2<br>\nIBAN: TR45 0020 6000 1903 1415 5900 02<\/p>\n\n\n\t\t<\/div>\n\t\t\t\t\t<\/div>\n\n\t\n\n<\/div>\n\n","protected":false},"excerpt":{"rendered":"","protected":false},"author":1,"featured_media":0,"parent":0,"menu_order":0,"comment_status":"closed","ping_status":"closed","template":"","meta":{"footnotes":""},"class_list":["post-4757","page","type-page","status-publish","hentry"],"_links":{"self":[{"href":"https:\/\/humaliva.com.tr\/tr\/wp-json\/wp\/v2\/pages\/4757","targetHints":{"allow":["GET"]}}],"collection":[{"href":"https:\/\/humaliva.com.tr\/tr\/wp-json\/wp\/v2\/pages"}],"about":[{"href":"https:\/\/humaliva.com.tr\/tr\/wp-json\/wp\/v2\/types\/page"}],"author":[{"embeddable":true,"href":"https:\/\/humaliva.com.tr\/tr\/wp-json\/wp\/v2\/users\/1"}],"replies":[{"embeddable":true,"href":"https:\/\/humaliva.com.tr\/tr\/wp-json\/wp\/v2\/comments?post=4757"}],"version-history":[{"count":1,"href":"https:\/\/humaliva.com.tr\/tr\/wp-json\/wp\/v2\/pages\/4757\/revisions"}],"predecessor-version":[{"id":4758,"href":"https:\/\/humaliva.com.tr\/tr\/wp-json\/wp\/v2\/pages\/4757\/revisions\/4758"}],"wp:attachment":[{"href":"https:\/\/humaliva.com.tr\/tr\/wp-json\/wp\/v2\/media?parent=4757"}],"curies":[{"name":"wp","href":"https:\/\/api.w.org\/{rel}","templated":true}]}}